{"id":752,"date":"2024-02-06T16:14:25","date_gmt":"2024-02-07T00:14:25","guid":{"rendered":"http:\/\/ffwu.local\/unase\/"},"modified":"2026-02-18T11:40:56","modified_gmt":"2026-02-18T19:40:56","slug":"unase","status":"publish","type":"page","link":"https:\/\/californiafastfoodworkersunion.org\/es\/unase\/","title":{"rendered":"\u00danase"},"content":{"rendered":"\n<p>\u00danase al Sindicato de Trabajadores de Comida R\u00e1pida de California:<\/p>\n\n\n\n<p>Una Centro de Recursos para Miembros directa exclusiva y un grupo de WhatsApp para obtener informaci\u00f3n sobre entrenamientos, eventos comunitarios y t\u00e1cticas para organizar y generar poder en su lugar de trabajo y su comunidad. <\/p>\n\n\n\n<h3 class=\"wp-block-heading\">Lo que hemos ganado:<\/h3>\n\n\n\n<p>Salario m\u00ednimo de $20 la hora para los trabajadores de comida r\u00e1pida, a partir del 1 de Abril 2024.<\/p>\n\n\n\n<p>Un Consejo de Comida R\u00e1pida que dar\u00e1 a los trabajadores un lugar en la mesa para establecer est\u00e1ndares laborales con la industria y los legisladores.<\/p>\n\n\n\n<h3 class=\"wp-block-heading\">Hay m\u00e1s por qu\u00e9 luchar<\/h3>\n\n\n\n<ul class=\"wp-block-list\">\n<li>Aumentos Anuales<\/li>\n\n\n\n<li>Programaci\u00f3n justa<\/li>\n\n\n\n<li>Horas predecibles<\/li>\n\n\n\n<li>M\u00e1s d\u00edas de enfermedad pagados<\/li>\n\n\n\n<li>Vacaciones pagadas<\/li>\n\n\n\n<li>Lugares de trabajo seguros<\/li>\n\n\n\n<li>Problemas en su tienda<\/li>\n<\/ul>\n\n\n\n<h2 class=\"wp-block-heading\"><a href=\"https:\/\/seiu.my.site.com\/seiu\/es\/?localId=001Pd00000rvH2T\">\u00danase al Sindicato de Trabajadores de Comida R\u00e1pida de California<\/a><\/h2>\n\n\n\n<p><\/p>\n","protected":false},"excerpt":{"rendered":"\u00danase al Sindicato de Trabajadores de Comida R\u00e1pida de California: Una Centro de Recursos para Miembros directa exclusiva y un grupo de WhatsApp para obtener informaci\u00f3n sobre entrenamientos, eventos comunitarios y t\u00e1cticas para organizar y generar poder en su lugar de trabajo y su comunidad. Lo que hemos ganado: Salario m\u00ednimo de $20 la hora [&hellip;]","protected":false},"author":1,"featured_media":811,"parent":0,"menu_order":0,"comment_status":"closed","ping_status":"closed","template":"","meta":{"_acf_changed":false,"ngg_post_thumbnail":0,"footnotes":""},"class_list":["post-752","page","type-page","status-publish","has-post-thumbnail","hentry"],"acf":[],"yoast_head":"<!-- This site is optimized with the Yoast SEO plugin v27.1 - https:\/\/yoast.com\/product\/yoast-seo-wordpress\/ -->\n<title>\u00danase | California Fast Food Workers Union<\/title>\n<meta name=\"description\" content=\"\u00danase al Sindicato de Trabajadores de Comida R\u00e1pida de California: Una Centro de Recursos para Miembros directa exclusiva y un grupo de WhatsApp para\" \/>\n<meta name=\"robots\" content=\"index, follow, max-snippet:-1, max-image-preview:large, max-video-preview:-1\" \/>\n<link rel=\"canonical\" href=\"https:\/\/californiafastfoodworkersunion.org\/es\/unase\/\" \/>\n<meta property=\"og:locale\" content=\"es_ES\" \/>\n<meta property=\"og:type\" content=\"article\" \/>\n<meta property=\"og:title\" content=\"\u00danase | California Fast Food Workers Union\" \/>\n<meta property=\"og:description\" content=\"\u00danase al Sindicato de Trabajadores de Comida R\u00e1pida de California: Una Centro de Recursos para Miembros directa exclusiva y un grupo de WhatsApp para\" \/>\n<meta property=\"og:url\" content=\"https:\/\/californiafastfoodworkersunion.org\/es\/unase\/\" \/>\n<meta property=\"og:site_name\" content=\"California Fast Food Workers Union\" \/>\n<meta property=\"article:publisher\" content=\"http:\/\/facebook.com\/CAFastFoodUnion\" \/>\n<meta property=\"article:modified_time\" content=\"2026-02-18T19:40:56+00:00\" \/>\n<meta property=\"og:image\" content=\"https:\/\/californiafastfoodworkersunion.org\/wp-content\/uploads\/Join_header.png\" \/>\n\t<meta property=\"og:image:width\" content=\"1920\" \/>\n\t<meta property=\"og:image:height\" content=\"1080\" \/>\n\t<meta property=\"og:image:type\" content=\"image\/png\" \/>\n<meta name=\"twitter:card\" content=\"summary_large_image\" \/>\n<meta name=\"twitter:site\" content=\"@CAFastFoodUnion\" \/>\n<script type=\"application\/ld+json\" class=\"yoast-schema-graph\">{\"@context\":\"https:\/\/schema.org\",\"@graph\":[{\"@type\":\"WebPage\",\"@id\":\"https:\/\/californiafastfoodworkersunion.org\/es\/unase\/\",\"url\":\"https:\/\/californiafastfoodworkersunion.org\/es\/unase\/\",\"name\":\"\u00danase | California Fast Food Workers Union\",\"isPartOf\":{\"@id\":\"https:\/\/californiafastfoodworkersunion.org\/#website\"},\"primaryImageOfPage\":{\"@id\":\"https:\/\/californiafastfoodworkersunion.org\/es\/unase\/#primaryimage\"},\"image\":{\"@id\":\"https:\/\/californiafastfoodworkersunion.org\/es\/unase\/#primaryimage\"},\"thumbnailUrl\":\"https:\/\/californiafastfoodworkersunion.org\/wp-content\/uploads\/Join_header.png\",\"datePublished\":\"2024-02-07T00:14:25+00:00\",\"dateModified\":\"2026-02-18T19:40:56+00:00\",\"description\":\"\u00danase al Sindicato de Trabajadores de Comida R\u00e1pida de California: Una Centro de Recursos para Miembros directa exclusiva y un grupo de WhatsApp para\",\"breadcrumb\":{\"@id\":\"https:\/\/californiafastfoodworkersunion.org\/es\/unase\/#breadcrumb\"},\"inLanguage\":\"es-ES\",\"potentialAction\":[{\"@type\":\"ReadAction\",\"target\":[\"https:\/\/californiafastfoodworkersunion.org\/es\/unase\/\"]}]},{\"@type\":\"ImageObject\",\"inLanguage\":\"es-ES\",\"@id\":\"https:\/\/californiafastfoodworkersunion.org\/es\/unase\/#primaryimage\",\"url\":\"https:\/\/californiafastfoodworkersunion.org\/wp-content\/uploads\/Join_header.png\",\"contentUrl\":\"https:\/\/californiafastfoodworkersunion.org\/wp-content\/uploads\/Join_header.png\",\"width\":1920,\"height\":1080},{\"@type\":\"BreadcrumbList\",\"@id\":\"https:\/\/californiafastfoodworkersunion.org\/es\/unase\/#breadcrumb\",\"itemListElement\":[{\"@type\":\"ListItem\",\"position\":1,\"name\":\"Home\",\"item\":\"https:\/\/californiafastfoodworkersunion.org\/es\/\"},{\"@type\":\"ListItem\",\"position\":2,\"name\":\"\u00danase\"}]},{\"@type\":\"WebSite\",\"@id\":\"https:\/\/californiafastfoodworkersunion.org\/#website\",\"url\":\"https:\/\/californiafastfoodworkersunion.org\/\",\"name\":\"California Fast Food Workers Union\",\"description\":\"Build power for fast food workers\",\"alternateName\":\"CAFFWU\",\"potentialAction\":[{\"@type\":\"SearchAction\",\"target\":{\"@type\":\"EntryPoint\",\"urlTemplate\":\"https:\/\/californiafastfoodworkersunion.org\/?s={search_term_string}\"},\"query-input\":{\"@type\":\"PropertyValueSpecification\",\"valueRequired\":true,\"valueName\":\"search_term_string\"}}],\"inLanguage\":\"es-ES\"}]}<\/script>\n<!-- \/ Yoast SEO plugin. -->","yoast_head_json":{"title":"\u00danase | California Fast Food Workers Union","description":"\u00danase al Sindicato de Trabajadores de Comida R\u00e1pida de California: Una Centro de Recursos para Miembros directa exclusiva y un grupo de WhatsApp para","robots":{"index":"index","follow":"follow","max-snippet":"max-snippet:-1","max-image-preview":"max-image-preview:large","max-video-preview":"max-video-preview:-1"},"canonical":"https:\/\/californiafastfoodworkersunion.org\/es\/unase\/","og_locale":"es_ES","og_type":"article","og_title":"\u00danase | California Fast Food Workers Union","og_description":"\u00danase al Sindicato de Trabajadores de Comida R\u00e1pida de California: Una Centro de Recursos para Miembros directa exclusiva y un grupo de WhatsApp para","og_url":"https:\/\/californiafastfoodworkersunion.org\/es\/unase\/","og_site_name":"California Fast Food Workers Union","article_publisher":"http:\/\/facebook.com\/CAFastFoodUnion","article_modified_time":"2026-02-18T19:40:56+00:00","og_image":[{"width":1920,"height":1080,"url":"https:\/\/californiafastfoodworkersunion.org\/wp-content\/uploads\/Join_header.png","type":"image\/png"}],"twitter_card":"summary_large_image","twitter_site":"@CAFastFoodUnion","schema":{"@context":"https:\/\/schema.org","@graph":[{"@type":"WebPage","@id":"https:\/\/californiafastfoodworkersunion.org\/es\/unase\/","url":"https:\/\/californiafastfoodworkersunion.org\/es\/unase\/","name":"\u00danase | California Fast Food Workers Union","isPartOf":{"@id":"https:\/\/californiafastfoodworkersunion.org\/#website"},"primaryImageOfPage":{"@id":"https:\/\/californiafastfoodworkersunion.org\/es\/unase\/#primaryimage"},"image":{"@id":"https:\/\/californiafastfoodworkersunion.org\/es\/unase\/#primaryimage"},"thumbnailUrl":"https:\/\/californiafastfoodworkersunion.org\/wp-content\/uploads\/Join_header.png","datePublished":"2024-02-07T00:14:25+00:00","dateModified":"2026-02-18T19:40:56+00:00","description":"\u00danase al Sindicato de Trabajadores de Comida R\u00e1pida de California: Una Centro de Recursos para Miembros directa exclusiva y un grupo de WhatsApp para","breadcrumb":{"@id":"https:\/\/californiafastfoodworkersunion.org\/es\/unase\/#breadcrumb"},"inLanguage":"es-ES","potentialAction":[{"@type":"ReadAction","target":["https:\/\/californiafastfoodworkersunion.org\/es\/unase\/"]}]},{"@type":"ImageObject","inLanguage":"es-ES","@id":"https:\/\/californiafastfoodworkersunion.org\/es\/unase\/#primaryimage","url":"https:\/\/californiafastfoodworkersunion.org\/wp-content\/uploads\/Join_header.png","contentUrl":"https:\/\/californiafastfoodworkersunion.org\/wp-content\/uploads\/Join_header.png","width":1920,"height":1080},{"@type":"BreadcrumbList","@id":"https:\/\/californiafastfoodworkersunion.org\/es\/unase\/#breadcrumb","itemListElement":[{"@type":"ListItem","position":1,"name":"Home","item":"https:\/\/californiafastfoodworkersunion.org\/es\/"},{"@type":"ListItem","position":2,"name":"\u00danase"}]},{"@type":"WebSite","@id":"https:\/\/californiafastfoodworkersunion.org\/#website","url":"https:\/\/californiafastfoodworkersunion.org\/","name":"California Fast Food Workers Union","description":"Build power for fast food workers","alternateName":"CAFFWU","potentialAction":[{"@type":"SearchAction","target":{"@type":"EntryPoint","urlTemplate":"https:\/\/californiafastfoodworkersunion.org\/?s={search_term_string}"},"query-input":{"@type":"PropertyValueSpecification","valueRequired":true,"valueName":"search_term_string"}}],"inLanguage":"es-ES"}]}},"_links":{"self":[{"href":"https:\/\/californiafastfoodworkersunion.org\/es\/wp-json\/wp\/v2\/pages\/752","targetHints":{"allow":["GET"]}}],"collection":[{"href":"https:\/\/californiafastfoodworkersunion.org\/es\/wp-json\/wp\/v2\/pages"}],"about":[{"href":"https:\/\/californiafastfoodworkersunion.org\/es\/wp-json\/wp\/v2\/types\/page"}],"author":[{"embeddable":true,"href":"https:\/\/californiafastfoodworkersunion.org\/es\/wp-json\/wp\/v2\/users\/1"}],"replies":[{"embeddable":true,"href":"https:\/\/californiafastfoodworkersunion.org\/es\/wp-json\/wp\/v2\/comments?post=752"}],"version-history":[{"count":0,"href":"https:\/\/californiafastfoodworkersunion.org\/es\/wp-json\/wp\/v2\/pages\/752\/revisions"}],"wp:featuredmedia":[{"embeddable":true,"href":"https:\/\/californiafastfoodworkersunion.org\/es\/wp-json\/wp\/v2\/media\/811"}],"wp:attachment":[{"href":"https:\/\/californiafastfoodworkersunion.org\/es\/wp-json\/wp\/v2\/media?parent=752"}],"curies":[{"name":"wp","href":"https:\/\/api.w.org\/{rel}","templated":true}]}}