{"id":738,"date":"2024-02-06T00:59:42","date_gmt":"2024-02-06T05:59:42","guid":{"rendered":"http:\/\/ffwu.local\/victorias\/"},"modified":"2024-02-06T21:23:18","modified_gmt":"2024-02-07T02:23:18","slug":"victorias","status":"publish","type":"page","link":"https:\/\/californiafastfoodworkersunion.org\/es\/victorias\/","title":{"rendered":"Victorias"},"content":{"rendered":"\n<div class=\"wp-block-media-text alignwide is-stacked-on-mobile\"><figure class=\"wp-block-media-text__media\"><img loading=\"lazy\" decoding=\"async\" width=\"2784\" height=\"4024\" src=\"http:\/\/californiafastfoodworkersunion.org\/wp-content\/uploads\/ZII_8196.jpg\" alt=\"\" class=\"wp-image-705 size-full\" srcset=\"https:\/\/californiafastfoodworkersunion.org\/wp-content\/uploads\/ZII_8196.jpg 2784w, https:\/\/californiafastfoodworkersunion.org\/wp-content\/uploads\/ZII_8196-768x1110.jpg 768w, https:\/\/californiafastfoodworkersunion.org\/wp-content\/uploads\/ZII_8196-1063x1536.jpg 1063w, https:\/\/californiafastfoodworkersunion.org\/wp-content\/uploads\/ZII_8196-1417x2048.jpg 1417w\" sizes=\"auto, (max-width: 2784px) 100vw, 2784px\" \/><\/figure><div class=\"wp-block-media-text__content\">\n<p>En 2012, 200 trabajadores de comida r\u00e1pida abandonaron sus puestos de trabajo en la ciudad de Nueva York para exigir 15 d\u00f3lares la hora y una voz en el trabajo a trav\u00e9s de un sindicato, lanzando el movimiento internacional de Lucha por 15 d\u00f3lares y un movimiento sindical. Inspirados por las huelgas en Nueva York, los cocineros y cajeros de comida r\u00e1pida se declararon en huelga para exigir 15 d\u00f3lares la hora y un sindicato en Los \u00c1ngeles, Chicago, Kansas City, Memphis, Durham y cientos de otras ciudades alrededor del mundo.<\/p>\n<\/div><\/div>\n\n<p><strong>Debido a las acciones de los trabajadores de comida r\u00e1pida en California, el gobernador de California, Jerry Brown, firm\u00f3 la primera ley del pa\u00eds que instituy\u00f3 un salario m\u00ednimo de $15 la hora en 2016.<\/strong> El gobernador de Nueva York, Andrew Cuomo, hizo lo mismo pocas horas despu\u00e9s. De un plumazo, 10 millones de trabajadores (una quinta parte de la fuerza laboral estadounidense) estaban en camino de ganar 15 d\u00f3lares la hora. <\/p>\n\n<p><strong>En 2020, trabajadores de dos tiendas corporativas McDonald&#8217;s en Los \u00c1ngeles y San Jos\u00e9 abandonaron nuestros trabajos en tres ocasiones distintas en 24 horas para protestar contra la fallida respuesta de la empresa a la crisis del COVID-19. Iniciaron una ola de huelgas y protestas espont\u00e1neas que se extendieron por la industria de comida r\u00e1pida de California y por todo el pa\u00eds durante meses, mostrando la fuerza que hab\u00edan estado construyendo durante a\u00f1os. <\/strong><\/p>\n\n<figure class=\"wp-block-image alignfull size-full\"><img loading=\"lazy\" decoding=\"async\" width=\"5945\" height=\"3393\" src=\"http:\/\/californiafastfoodworkersunion.org\/wp-content\/uploads\/ZII_1231.jpg\" alt=\"\" class=\"wp-image-724\" srcset=\"https:\/\/californiafastfoodworkersunion.org\/wp-content\/uploads\/ZII_1231.jpg 5945w, https:\/\/californiafastfoodworkersunion.org\/wp-content\/uploads\/ZII_1231-768x438.jpg 768w, https:\/\/californiafastfoodworkersunion.org\/wp-content\/uploads\/ZII_1231-1536x877.jpg 1536w, https:\/\/californiafastfoodworkersunion.org\/wp-content\/uploads\/ZII_1231-2048x1169.jpg 2048w\" sizes=\"auto, (max-width: 5945px) 100vw, 5945px\" \/><\/figure>\n\n<p>En 2021, los trabajadores de comida r\u00e1pida de California lanzaron una campa\u00f1a estatal para AB 257, la Ley de Recuperaci\u00f3n R\u00e1pida, la primera legislaci\u00f3n de su tipo para proteger y empoderar a los trabajadores de comida r\u00e1pida del estado a trav\u00e9s de un Consejo del Sector de Comida R\u00e1pida con la capacidad de establecer normas amplias sobre nuestros salarios, entrenamiento y condiciones de trabajo. <\/p>\n\n<p><strong>Gracias a nuestro impuls\u00f3, el Gobernador Gavin Newsom marc\u00f3 el D\u00eda del Trabajo al promulgar la ley AB 257. <\/strong>Sin embargo, un refer\u00e9ndum multimillonario respaldado por empresas como McDonald&#8217;s, Starbucks, In-n-Out y otras detuvo la implementaci\u00f3n de la ley en enero de 2023.<\/p>\n\n<p>En la lucha de a\u00f1os para ganar una voz en el trabajo a trav\u00e9s de AB 257, los trabajadores de comida r\u00e1pida de California realizaron m\u00e1s de 450 huelgas y presentaron casi 400 quejas de salud, seguridad y salarios ante agencias locales y estatales, pintando la desagradable realidad de la industria en crisis y empujando a los legisladores a tomar medidas.<\/p>\n\n<figure class=\"wp-block-gallery alignwide has-nested-images columns-default is-cropped wp-block-gallery-1 is-layout-flex wp-block-gallery-is-layout-flex\">\n<figure class=\"wp-block-image size-large\"><img loading=\"lazy\" decoding=\"async\" width=\"4032\" height=\"3024\" data-id=\"711\" src=\"http:\/\/californiafastfoodworkersunion.org\/wp-content\/uploads\/strike-burger-king.jpeg\" alt=\"Huelga de trabajadores frente al Burger King.\" class=\"wp-image-711\" srcset=\"https:\/\/californiafastfoodworkersunion.org\/wp-content\/uploads\/strike-burger-king.jpeg 4032w, https:\/\/californiafastfoodworkersunion.org\/wp-content\/uploads\/strike-burger-king-768x576.jpeg 768w, https:\/\/californiafastfoodworkersunion.org\/wp-content\/uploads\/strike-burger-king-1536x1152.jpeg 1536w, https:\/\/californiafastfoodworkersunion.org\/wp-content\/uploads\/strike-burger-king-2048x1536.jpeg 2048w\" sizes=\"auto, (max-width: 4032px) 100vw, 4032px\" \/><\/figure>\n\n\n\n<figure class=\"wp-block-image size-large\"><img loading=\"lazy\" decoding=\"async\" width=\"2921\" height=\"2191\" data-id=\"710\" src=\"http:\/\/californiafastfoodworkersunion.org\/wp-content\/uploads\/strike-popeyes.jpg\" alt=\"Huelga de trabajadores frente al Popeyes.\" class=\"wp-image-710\" srcset=\"https:\/\/californiafastfoodworkersunion.org\/wp-content\/uploads\/strike-popeyes.jpg 2921w, https:\/\/californiafastfoodworkersunion.org\/wp-content\/uploads\/strike-popeyes-768x576.jpg 768w, https:\/\/californiafastfoodworkersunion.org\/wp-content\/uploads\/strike-popeyes-1536x1152.jpg 1536w, https:\/\/californiafastfoodworkersunion.org\/wp-content\/uploads\/strike-popeyes-2048x1536.jpg 2048w\" sizes=\"auto, (max-width: 2921px) 100vw, 2921px\" \/><\/figure>\n\n\n\n<figure class=\"wp-block-image size-large\"><img loading=\"lazy\" decoding=\"async\" width=\"4032\" height=\"3024\" data-id=\"713\" src=\"http:\/\/californiafastfoodworkersunion.org\/wp-content\/uploads\/strike-taco-bell.jpeg\" alt=\"Huelga de trabajadores frente al Taco Bell.\" class=\"wp-image-713\" srcset=\"https:\/\/californiafastfoodworkersunion.org\/wp-content\/uploads\/strike-taco-bell.jpeg 4032w, https:\/\/californiafastfoodworkersunion.org\/wp-content\/uploads\/strike-taco-bell-768x576.jpeg 768w, https:\/\/californiafastfoodworkersunion.org\/wp-content\/uploads\/strike-taco-bell-1536x1152.jpeg 1536w, https:\/\/californiafastfoodworkersunion.org\/wp-content\/uploads\/strike-taco-bell-2048x1536.jpeg 2048w\" sizes=\"auto, (max-width: 4032px) 100vw, 4032px\" \/><\/figure>\n\n\n\n<figure class=\"wp-block-image size-large\"><img loading=\"lazy\" decoding=\"async\" width=\"3240\" height=\"2160\" data-id=\"712\" src=\"http:\/\/californiafastfoodworkersunion.org\/wp-content\/uploads\/strike-carls-jr.jpg\" alt=\"Huelga de trabajadores frente al Carl's Jr.\" class=\"wp-image-712\" srcset=\"https:\/\/californiafastfoodworkersunion.org\/wp-content\/uploads\/strike-carls-jr.jpg 3240w, https:\/\/californiafastfoodworkersunion.org\/wp-content\/uploads\/strike-carls-jr-768x512.jpg 768w, https:\/\/californiafastfoodworkersunion.org\/wp-content\/uploads\/strike-carls-jr-1536x1024.jpg 1536w, https:\/\/californiafastfoodworkersunion.org\/wp-content\/uploads\/strike-carls-jr-2048x1365.jpg 2048w\" sizes=\"auto, (max-width: 3240px) 100vw, 3240px\" \/><\/figure>\n\n\n\n<figure class=\"wp-block-image size-large\"><img loading=\"lazy\" decoding=\"async\" width=\"6048\" height=\"4024\" data-id=\"718\" src=\"http:\/\/californiafastfoodworkersunion.org\/wp-content\/uploads\/strike-waba-grill.jpg\" alt=\"\" class=\"wp-image-718\" srcset=\"https:\/\/californiafastfoodworkersunion.org\/wp-content\/uploads\/strike-waba-grill.jpg 6048w, https:\/\/californiafastfoodworkersunion.org\/wp-content\/uploads\/strike-waba-grill-768x511.jpg 768w, https:\/\/californiafastfoodworkersunion.org\/wp-content\/uploads\/strike-waba-grill-1536x1022.jpg 1536w, https:\/\/californiafastfoodworkersunion.org\/wp-content\/uploads\/strike-waba-grill-2048x1363.jpg 2048w\" sizes=\"auto, (max-width: 6048px) 100vw, 6048px\" \/><\/figure>\n\n\n\n<figure class=\"wp-block-image size-large\"><img loading=\"lazy\" decoding=\"async\" width=\"1024\" height=\"768\" data-id=\"716\" src=\"http:\/\/californiafastfoodworkersunion.org\/wp-content\/uploads\/strike-wendys.webp\" alt=\"Huelga de trabajadores frente al Wendy's.\" class=\"wp-image-716\" srcset=\"https:\/\/californiafastfoodworkersunion.org\/wp-content\/uploads\/strike-wendys.webp 1024w, https:\/\/californiafastfoodworkersunion.org\/wp-content\/uploads\/strike-wendys-768x576.webp 768w\" sizes=\"auto, (max-width: 1024px) 100vw, 1024px\" \/><\/figure>\n\n\n\n<figure class=\"wp-block-image size-large\"><img loading=\"lazy\" decoding=\"async\" width=\"1024\" height=\"768\" data-id=\"714\" src=\"http:\/\/californiafastfoodworkersunion.org\/wp-content\/uploads\/strike-jack-n-the-box.jpg\" alt=\"Huelga de trabajadores frente al Jack 'n' the Box.\" class=\"wp-image-714\" srcset=\"https:\/\/californiafastfoodworkersunion.org\/wp-content\/uploads\/strike-jack-n-the-box.jpg 1024w, https:\/\/californiafastfoodworkersunion.org\/wp-content\/uploads\/strike-jack-n-the-box-768x576.jpg 768w\" sizes=\"auto, (max-width: 1024px) 100vw, 1024px\" \/><\/figure>\n\n\n\n<figure class=\"wp-block-image size-large\"><img loading=\"lazy\" decoding=\"async\" width=\"1600\" height=\"1200\" data-id=\"715\" src=\"http:\/\/californiafastfoodworkersunion.org\/wp-content\/uploads\/strike-mcdonalds-2.jpg\" alt=\"Huelga de trabajadores frente al McDonald's.\" class=\"wp-image-715\" srcset=\"https:\/\/californiafastfoodworkersunion.org\/wp-content\/uploads\/strike-mcdonalds-2.jpg 1600w, https:\/\/californiafastfoodworkersunion.org\/wp-content\/uploads\/strike-mcdonalds-2-768x576.jpg 768w, https:\/\/californiafastfoodworkersunion.org\/wp-content\/uploads\/strike-mcdonalds-2-1536x1152.jpg 1536w\" sizes=\"auto, (max-width: 1600px) 100vw, 1600px\" \/><\/figure>\n\n\n\n<figure class=\"wp-block-image size-full\"><img loading=\"lazy\" decoding=\"async\" width=\"6048\" height=\"4024\" data-id=\"728\" src=\"http:\/\/californiafastfoodworkersunion.org\/wp-content\/uploads\/strike-kfc.jpg\" alt=\"\" class=\"wp-image-728\" srcset=\"https:\/\/californiafastfoodworkersunion.org\/wp-content\/uploads\/strike-kfc.jpg 6048w, https:\/\/californiafastfoodworkersunion.org\/wp-content\/uploads\/strike-kfc-768x511.jpg 768w, https:\/\/californiafastfoodworkersunion.org\/wp-content\/uploads\/strike-kfc-1536x1022.jpg 1536w, https:\/\/californiafastfoodworkersunion.org\/wp-content\/uploads\/strike-kfc-2048x1363.jpg 2048w\" sizes=\"auto, (max-width: 6048px) 100vw, 6048px\" \/><\/figure>\n<\/figure>\n\n<p>La aprobaci\u00f3n de la AB 257 marc\u00f3 un momento decisivo, no s\u00f3lo en California, sino en la historia laboral del pa\u00eds, dando a m\u00e1s de medio mill\u00f3n de trabajadores con salarios bajos en la industria de la comida r\u00e1pida una voz significativa en el trabajo. La victoria se produce casi 10 a\u00f1os despu\u00e9s de que los trabajadores de la comida r\u00e1pida lanzaran la Lucha por $15 y un movimiento sindical, transformando la conversaci\u00f3n nacional sobre los salarios y el derecho de los trabajadores a opinar sobre nuestras propias condiciones laborales. <\/p>\n\n<p><strong>En septiembre de 2023, se enmend\u00f3 la AB 1228 para fortalecer el Consejo de Comida R\u00e1pida de la AB 257 y se asegur\u00f3 un aumento estatal de $20 la hora para m\u00e1s de medio mill\u00f3n de cocineros y cajeros de California.<\/strong><\/p>\n\n<p>Mientras gan\u00e1bamos nuestra lucha por un lugar en la mesa, nos unimos a los esfuerzos de la coalici\u00f3n para garantizar que los trabajadores con salarios bajos tengan acceso a ayuda medica, d\u00edas de enfermedad pagados, y est\u00e1ndares laborales m\u00e1s estrictos.<\/p>\n","protected":false},"excerpt":{"rendered":"En 2012, 200 trabajadores de comida r\u00e1pida abandonaron sus puestos de trabajo en la ciudad de Nueva York para exigir 15 d\u00f3lares la hora y una voz en el trabajo a trav\u00e9s de un sindicato, lanzando el movimiento internacional de Lucha por 15 d\u00f3lares y un movimiento sindical. Inspirados por las huelgas en Nueva York, [&hellip;]","protected":false},"author":1,"featured_media":809,"parent":0,"menu_order":0,"comment_status":"closed","ping_status":"closed","template":"","meta":{"_acf_changed":false,"ngg_post_thumbnail":0,"footnotes":""},"class_list":["post-738","page","type-page","status-publish","has-post-thumbnail","hentry"],"acf":[],"yoast_head":"<!-- This site is optimized with the Yoast SEO plugin v27.1 - https:\/\/yoast.com\/product\/yoast-seo-wordpress\/ -->\n<title>Victorias | California Fast Food Workers Union<\/title>\n<meta name=\"description\" content=\"En 2012, 200 trabajadores de comida r\u00e1pida abandonaron sus puestos de trabajo en la ciudad de Nueva York para exigir 15 d\u00f3lares la hora y una voz en el\" \/>\n<meta name=\"robots\" content=\"index, follow, max-snippet:-1, max-image-preview:large, max-video-preview:-1\" \/>\n<link rel=\"canonical\" href=\"https:\/\/californiafastfoodworkersunion.org\/es\/victorias\/\" \/>\n<meta property=\"og:locale\" content=\"es_ES\" \/>\n<meta property=\"og:type\" content=\"article\" \/>\n<meta property=\"og:title\" content=\"Victorias | California Fast Food Workers Union\" \/>\n<meta property=\"og:description\" content=\"En 2012, 200 trabajadores de comida r\u00e1pida abandonaron sus puestos de trabajo en la ciudad de Nueva York para exigir 15 d\u00f3lares la hora y una voz en el\" \/>\n<meta property=\"og:url\" content=\"https:\/\/californiafastfoodworkersunion.org\/es\/victorias\/\" \/>\n<meta property=\"og:site_name\" content=\"California Fast Food Workers Union\" \/>\n<meta property=\"article:publisher\" content=\"http:\/\/facebook.com\/CAFastFoodUnion\" \/>\n<meta property=\"article:modified_time\" content=\"2024-02-07T02:23:18+00:00\" \/>\n<meta property=\"og:image\" content=\"https:\/\/californiafastfoodworkersunion.org\/wp-content\/uploads\/Victories_header.png\" \/>\n\t<meta property=\"og:image:width\" content=\"1920\" \/>\n\t<meta property=\"og:image:height\" content=\"1080\" \/>\n\t<meta property=\"og:image:type\" content=\"image\/png\" \/>\n<meta name=\"twitter:card\" content=\"summary_large_image\" \/>\n<meta name=\"twitter:site\" content=\"@CAFastFoodUnion\" \/>\n<script type=\"application\/ld+json\" class=\"yoast-schema-graph\">{\"@context\":\"https:\/\/schema.org\",\"@graph\":[{\"@type\":\"WebPage\",\"@id\":\"https:\/\/californiafastfoodworkersunion.org\/es\/victorias\/\",\"url\":\"https:\/\/californiafastfoodworkersunion.org\/es\/victorias\/\",\"name\":\"Victorias | California Fast Food Workers Union\",\"isPartOf\":{\"@id\":\"https:\/\/californiafastfoodworkersunion.org\/#website\"},\"primaryImageOfPage\":{\"@id\":\"https:\/\/californiafastfoodworkersunion.org\/es\/victorias\/#primaryimage\"},\"image\":{\"@id\":\"https:\/\/californiafastfoodworkersunion.org\/es\/victorias\/#primaryimage\"},\"thumbnailUrl\":\"https:\/\/californiafastfoodworkersunion.org\/wp-content\/uploads\/Victories_header.png\",\"datePublished\":\"2024-02-06T05:59:42+00:00\",\"dateModified\":\"2024-02-07T02:23:18+00:00\",\"description\":\"En 2012, 200 trabajadores de comida r\u00e1pida abandonaron sus puestos de trabajo en la ciudad de Nueva York para exigir 15 d\u00f3lares la hora y una voz en el\",\"breadcrumb\":{\"@id\":\"https:\/\/californiafastfoodworkersunion.org\/es\/victorias\/#breadcrumb\"},\"inLanguage\":\"es-ES\",\"potentialAction\":[{\"@type\":\"ReadAction\",\"target\":[\"https:\/\/californiafastfoodworkersunion.org\/es\/victorias\/\"]}]},{\"@type\":\"ImageObject\",\"inLanguage\":\"es-ES\",\"@id\":\"https:\/\/californiafastfoodworkersunion.org\/es\/victorias\/#primaryimage\",\"url\":\"https:\/\/californiafastfoodworkersunion.org\/wp-content\/uploads\/Victories_header.png\",\"contentUrl\":\"https:\/\/californiafastfoodworkersunion.org\/wp-content\/uploads\/Victories_header.png\",\"width\":1920,\"height\":1080},{\"@type\":\"BreadcrumbList\",\"@id\":\"https:\/\/californiafastfoodworkersunion.org\/es\/victorias\/#breadcrumb\",\"itemListElement\":[{\"@type\":\"ListItem\",\"position\":1,\"name\":\"Home\",\"item\":\"https:\/\/californiafastfoodworkersunion.org\/es\/\"},{\"@type\":\"ListItem\",\"position\":2,\"name\":\"Victorias\"}]},{\"@type\":\"WebSite\",\"@id\":\"https:\/\/californiafastfoodworkersunion.org\/#website\",\"url\":\"https:\/\/californiafastfoodworkersunion.org\/\",\"name\":\"California Fast Food Workers Union\",\"description\":\"Build power for fast food workers\",\"alternateName\":\"CAFFWU\",\"potentialAction\":[{\"@type\":\"SearchAction\",\"target\":{\"@type\":\"EntryPoint\",\"urlTemplate\":\"https:\/\/californiafastfoodworkersunion.org\/?s={search_term_string}\"},\"query-input\":{\"@type\":\"PropertyValueSpecification\",\"valueRequired\":true,\"valueName\":\"search_term_string\"}}],\"inLanguage\":\"es-ES\"}]}<\/script>\n<!-- \/ Yoast SEO plugin. -->","yoast_head_json":{"title":"Victorias | California Fast Food Workers Union","description":"En 2012, 200 trabajadores de comida r\u00e1pida abandonaron sus puestos de trabajo en la ciudad de Nueva York para exigir 15 d\u00f3lares la hora y una voz en el","robots":{"index":"index","follow":"follow","max-snippet":"max-snippet:-1","max-image-preview":"max-image-preview:large","max-video-preview":"max-video-preview:-1"},"canonical":"https:\/\/californiafastfoodworkersunion.org\/es\/victorias\/","og_locale":"es_ES","og_type":"article","og_title":"Victorias | California Fast Food Workers Union","og_description":"En 2012, 200 trabajadores de comida r\u00e1pida abandonaron sus puestos de trabajo en la ciudad de Nueva York para exigir 15 d\u00f3lares la hora y una voz en el","og_url":"https:\/\/californiafastfoodworkersunion.org\/es\/victorias\/","og_site_name":"California Fast Food Workers Union","article_publisher":"http:\/\/facebook.com\/CAFastFoodUnion","article_modified_time":"2024-02-07T02:23:18+00:00","og_image":[{"width":1920,"height":1080,"url":"https:\/\/californiafastfoodworkersunion.org\/wp-content\/uploads\/Victories_header.png","type":"image\/png"}],"twitter_card":"summary_large_image","twitter_site":"@CAFastFoodUnion","schema":{"@context":"https:\/\/schema.org","@graph":[{"@type":"WebPage","@id":"https:\/\/californiafastfoodworkersunion.org\/es\/victorias\/","url":"https:\/\/californiafastfoodworkersunion.org\/es\/victorias\/","name":"Victorias | California Fast Food Workers Union","isPartOf":{"@id":"https:\/\/californiafastfoodworkersunion.org\/#website"},"primaryImageOfPage":{"@id":"https:\/\/californiafastfoodworkersunion.org\/es\/victorias\/#primaryimage"},"image":{"@id":"https:\/\/californiafastfoodworkersunion.org\/es\/victorias\/#primaryimage"},"thumbnailUrl":"https:\/\/californiafastfoodworkersunion.org\/wp-content\/uploads\/Victories_header.png","datePublished":"2024-02-06T05:59:42+00:00","dateModified":"2024-02-07T02:23:18+00:00","description":"En 2012, 200 trabajadores de comida r\u00e1pida abandonaron sus puestos de trabajo en la ciudad de Nueva York para exigir 15 d\u00f3lares la hora y una voz en el","breadcrumb":{"@id":"https:\/\/californiafastfoodworkersunion.org\/es\/victorias\/#breadcrumb"},"inLanguage":"es-ES","potentialAction":[{"@type":"ReadAction","target":["https:\/\/californiafastfoodworkersunion.org\/es\/victorias\/"]}]},{"@type":"ImageObject","inLanguage":"es-ES","@id":"https:\/\/californiafastfoodworkersunion.org\/es\/victorias\/#primaryimage","url":"https:\/\/californiafastfoodworkersunion.org\/wp-content\/uploads\/Victories_header.png","contentUrl":"https:\/\/californiafastfoodworkersunion.org\/wp-content\/uploads\/Victories_header.png","width":1920,"height":1080},{"@type":"BreadcrumbList","@id":"https:\/\/californiafastfoodworkersunion.org\/es\/victorias\/#breadcrumb","itemListElement":[{"@type":"ListItem","position":1,"name":"Home","item":"https:\/\/californiafastfoodworkersunion.org\/es\/"},{"@type":"ListItem","position":2,"name":"Victorias"}]},{"@type":"WebSite","@id":"https:\/\/californiafastfoodworkersunion.org\/#website","url":"https:\/\/californiafastfoodworkersunion.org\/","name":"California Fast Food Workers Union","description":"Build power for fast food workers","alternateName":"CAFFWU","potentialAction":[{"@type":"SearchAction","target":{"@type":"EntryPoint","urlTemplate":"https:\/\/californiafastfoodworkersunion.org\/?s={search_term_string}"},"query-input":{"@type":"PropertyValueSpecification","valueRequired":true,"valueName":"search_term_string"}}],"inLanguage":"es-ES"}]}},"_links":{"self":[{"href":"https:\/\/californiafastfoodworkersunion.org\/es\/wp-json\/wp\/v2\/pages\/738","targetHints":{"allow":["GET"]}}],"collection":[{"href":"https:\/\/californiafastfoodworkersunion.org\/es\/wp-json\/wp\/v2\/pages"}],"about":[{"href":"https:\/\/californiafastfoodworkersunion.org\/es\/wp-json\/wp\/v2\/types\/page"}],"author":[{"embeddable":true,"href":"https:\/\/californiafastfoodworkersunion.org\/es\/wp-json\/wp\/v2\/users\/1"}],"replies":[{"embeddable":true,"href":"https:\/\/californiafastfoodworkersunion.org\/es\/wp-json\/wp\/v2\/comments?post=738"}],"version-history":[{"count":0,"href":"https:\/\/californiafastfoodworkersunion.org\/es\/wp-json\/wp\/v2\/pages\/738\/revisions"}],"wp:featuredmedia":[{"embeddable":true,"href":"https:\/\/californiafastfoodworkersunion.org\/es\/wp-json\/wp\/v2\/media\/809"}],"wp:attachment":[{"href":"https:\/\/californiafastfoodworkersunion.org\/es\/wp-json\/wp\/v2\/media?parent=738"}],"curies":[{"name":"wp","href":"https:\/\/api.w.org\/{rel}","templated":true}]}}