{"id":730,"date":"2023-07-15T04:22:18","date_gmt":"2023-07-15T08:22:18","guid":{"rendered":"http:\/\/ffwu.local\/acerca-de\/"},"modified":"2024-02-06T21:14:27","modified_gmt":"2024-02-07T02:14:27","slug":"acerca-de","status":"publish","type":"page","link":"https:\/\/californiafastfoodworkersunion.org\/es\/acerca-de\/","title":{"rendered":"Acerca de"},"content":{"rendered":"\n<h2 class=\"wp-block-heading\">SEIU<\/h2>\n\n<p>El Sindicato Internacional de Empleados de Servicios (SEIU) es una organizaci\u00f3n de 2 millones de miembros unidos por la creencia en la dignidad y el valor de los trabajadores y los servicios que brindan, y dedicados a mejorar las vidas de los trabajadores y nuestras familias y crear una sociedad m\u00e1s justo y humana.<\/p>\n\n<p>Los miembros y trabajadores de SEIU que se organizan en la Lucha por $15 y un sindicato se han apoyado mutuamente durante a\u00f1os. Esa solidaridad contin\u00faa con el Sindicato de Trabajadores de Comida R\u00e1pida de California.<\/p>\n\n<h2 class=\"wp-block-heading\">Sindicato de Trabajadores de Comida R\u00e1pida de California<\/h2>\n\n<p>El Sindicato de Trabajadores de Comida R\u00e1pida de California une a trabajadores de comida r\u00e1pida de todas las marcas y ubicaciones, y es el primero de su tipo en el pa\u00eds. Este sindicato hist\u00f3rico se basa en los 10 a\u00f1os de organizaci\u00f3n de trabajadores en el estado, que comenzaron con la Lucha por $15 y un Sindicato. Nuestro Sindicato est\u00e1 luchando para lograr la justicia racial y econ\u00f3mica y transformar los empleos en la comida r\u00e1pida en el Estado Dorado al luchar por salarios justos, lugares de trabajo seguros y saludables y una voz para todos los trabajadores de la industria de la comida r\u00e1pida. A trav\u00e9s de nuestra lucha por tener una voz en el trabajo, estamos mostrando a los trabajadores con salarios bajos en todas partes que cuando nos organizamos, hacemos huelga y construimos un movimiento, todos podemos ganar un asiento en la mesa y mejorar nuestras vidas y comunidades.<\/p>\n","protected":false},"excerpt":{"rendered":"SEIU El Sindicato Internacional de Empleados de Servicios (SEIU) es una organizaci\u00f3n de 2 millones de miembros unidos por la creencia en la dignidad y el valor de los trabajadores y los servicios que brindan, y dedicados a mejorar las vidas de los trabajadores y nuestras familias y crear una sociedad m\u00e1s justo y humana. [&hellip;]","protected":false},"author":1,"featured_media":803,"parent":0,"menu_order":0,"comment_status":"closed","ping_status":"closed","template":"","meta":{"_acf_changed":false,"ngg_post_thumbnail":0,"footnotes":""},"class_list":["post-730","page","type-page","status-publish","has-post-thumbnail","hentry"],"acf":[],"yoast_head":"<!-- This site is optimized with the Yoast SEO plugin v27.1 - https:\/\/yoast.com\/product\/yoast-seo-wordpress\/ -->\n<title>Acerca de | California Fast Food Workers Union<\/title>\n<meta name=\"description\" content=\"SEIU El Sindicato Internacional de Empleados de Servicios (SEIU) es una organizaci\u00f3n de 2 millones de miembros unidos por la creencia en la dignidad y el\" \/>\n<meta name=\"robots\" content=\"index, follow, max-snippet:-1, max-image-preview:large, max-video-preview:-1\" \/>\n<link rel=\"canonical\" href=\"https:\/\/californiafastfoodworkersunion.org\/es\/acerca-de\/\" \/>\n<meta property=\"og:locale\" content=\"es_ES\" \/>\n<meta property=\"og:type\" content=\"article\" \/>\n<meta property=\"og:title\" content=\"Acerca de | California Fast Food Workers Union\" \/>\n<meta property=\"og:description\" content=\"SEIU El Sindicato Internacional de Empleados de Servicios (SEIU) es una organizaci\u00f3n de 2 millones de miembros unidos por la creencia en la dignidad y el\" \/>\n<meta property=\"og:url\" content=\"https:\/\/californiafastfoodworkersunion.org\/es\/acerca-de\/\" \/>\n<meta property=\"og:site_name\" content=\"California Fast Food Workers Union\" \/>\n<meta property=\"article:publisher\" content=\"http:\/\/facebook.com\/CAFastFoodUnion\" \/>\n<meta property=\"article:modified_time\" content=\"2024-02-07T02:14:27+00:00\" \/>\n<meta property=\"og:image\" content=\"https:\/\/californiafastfoodworkersunion.org\/wp-content\/uploads\/About_header.png\" \/>\n\t<meta property=\"og:image:width\" content=\"1919\" \/>\n\t<meta property=\"og:image:height\" content=\"1079\" \/>\n\t<meta property=\"og:image:type\" content=\"image\/png\" \/>\n<meta name=\"twitter:card\" content=\"summary_large_image\" \/>\n<meta name=\"twitter:site\" content=\"@CAFastFoodUnion\" \/>\n<script type=\"application\/ld+json\" class=\"yoast-schema-graph\">{\"@context\":\"https:\/\/schema.org\",\"@graph\":[{\"@type\":\"WebPage\",\"@id\":\"https:\/\/californiafastfoodworkersunion.org\/es\/acerca-de\/\",\"url\":\"https:\/\/californiafastfoodworkersunion.org\/es\/acerca-de\/\",\"name\":\"Acerca de | California Fast Food Workers Union\",\"isPartOf\":{\"@id\":\"https:\/\/californiafastfoodworkersunion.org\/#website\"},\"primaryImageOfPage\":{\"@id\":\"https:\/\/californiafastfoodworkersunion.org\/es\/acerca-de\/#primaryimage\"},\"image\":{\"@id\":\"https:\/\/californiafastfoodworkersunion.org\/es\/acerca-de\/#primaryimage\"},\"thumbnailUrl\":\"https:\/\/californiafastfoodworkersunion.org\/wp-content\/uploads\/About_header.png\",\"datePublished\":\"2023-07-15T08:22:18+00:00\",\"dateModified\":\"2024-02-07T02:14:27+00:00\",\"description\":\"SEIU El Sindicato Internacional de Empleados de Servicios (SEIU) es una organizaci\u00f3n de 2 millones de miembros unidos por la creencia en la dignidad y el\",\"breadcrumb\":{\"@id\":\"https:\/\/californiafastfoodworkersunion.org\/es\/acerca-de\/#breadcrumb\"},\"inLanguage\":\"es-ES\",\"potentialAction\":[{\"@type\":\"ReadAction\",\"target\":[\"https:\/\/californiafastfoodworkersunion.org\/es\/acerca-de\/\"]}]},{\"@type\":\"ImageObject\",\"inLanguage\":\"es-ES\",\"@id\":\"https:\/\/californiafastfoodworkersunion.org\/es\/acerca-de\/#primaryimage\",\"url\":\"https:\/\/californiafastfoodworkersunion.org\/wp-content\/uploads\/About_header.png\",\"contentUrl\":\"https:\/\/californiafastfoodworkersunion.org\/wp-content\/uploads\/About_header.png\",\"width\":1919,\"height\":1079},{\"@type\":\"BreadcrumbList\",\"@id\":\"https:\/\/californiafastfoodworkersunion.org\/es\/acerca-de\/#breadcrumb\",\"itemListElement\":[{\"@type\":\"ListItem\",\"position\":1,\"name\":\"Home\",\"item\":\"https:\/\/californiafastfoodworkersunion.org\/es\/\"},{\"@type\":\"ListItem\",\"position\":2,\"name\":\"Acerca de\"}]},{\"@type\":\"WebSite\",\"@id\":\"https:\/\/californiafastfoodworkersunion.org\/#website\",\"url\":\"https:\/\/californiafastfoodworkersunion.org\/\",\"name\":\"California Fast Food Workers Union\",\"description\":\"Build power for fast food workers\",\"alternateName\":\"CAFFWU\",\"potentialAction\":[{\"@type\":\"SearchAction\",\"target\":{\"@type\":\"EntryPoint\",\"urlTemplate\":\"https:\/\/californiafastfoodworkersunion.org\/?s={search_term_string}\"},\"query-input\":{\"@type\":\"PropertyValueSpecification\",\"valueRequired\":true,\"valueName\":\"search_term_string\"}}],\"inLanguage\":\"es-ES\"}]}<\/script>\n<!-- \/ Yoast SEO plugin. -->","yoast_head_json":{"title":"Acerca de | California Fast Food Workers Union","description":"SEIU El Sindicato Internacional de Empleados de Servicios (SEIU) es una organizaci\u00f3n de 2 millones de miembros unidos por la creencia en la dignidad y el","robots":{"index":"index","follow":"follow","max-snippet":"max-snippet:-1","max-image-preview":"max-image-preview:large","max-video-preview":"max-video-preview:-1"},"canonical":"https:\/\/californiafastfoodworkersunion.org\/es\/acerca-de\/","og_locale":"es_ES","og_type":"article","og_title":"Acerca de | California Fast Food Workers Union","og_description":"SEIU El Sindicato Internacional de Empleados de Servicios (SEIU) es una organizaci\u00f3n de 2 millones de miembros unidos por la creencia en la dignidad y el","og_url":"https:\/\/californiafastfoodworkersunion.org\/es\/acerca-de\/","og_site_name":"California Fast Food Workers Union","article_publisher":"http:\/\/facebook.com\/CAFastFoodUnion","article_modified_time":"2024-02-07T02:14:27+00:00","og_image":[{"width":1919,"height":1079,"url":"https:\/\/californiafastfoodworkersunion.org\/wp-content\/uploads\/About_header.png","type":"image\/png"}],"twitter_card":"summary_large_image","twitter_site":"@CAFastFoodUnion","schema":{"@context":"https:\/\/schema.org","@graph":[{"@type":"WebPage","@id":"https:\/\/californiafastfoodworkersunion.org\/es\/acerca-de\/","url":"https:\/\/californiafastfoodworkersunion.org\/es\/acerca-de\/","name":"Acerca de | California Fast Food Workers Union","isPartOf":{"@id":"https:\/\/californiafastfoodworkersunion.org\/#website"},"primaryImageOfPage":{"@id":"https:\/\/californiafastfoodworkersunion.org\/es\/acerca-de\/#primaryimage"},"image":{"@id":"https:\/\/californiafastfoodworkersunion.org\/es\/acerca-de\/#primaryimage"},"thumbnailUrl":"https:\/\/californiafastfoodworkersunion.org\/wp-content\/uploads\/About_header.png","datePublished":"2023-07-15T08:22:18+00:00","dateModified":"2024-02-07T02:14:27+00:00","description":"SEIU El Sindicato Internacional de Empleados de Servicios (SEIU) es una organizaci\u00f3n de 2 millones de miembros unidos por la creencia en la dignidad y el","breadcrumb":{"@id":"https:\/\/californiafastfoodworkersunion.org\/es\/acerca-de\/#breadcrumb"},"inLanguage":"es-ES","potentialAction":[{"@type":"ReadAction","target":["https:\/\/californiafastfoodworkersunion.org\/es\/acerca-de\/"]}]},{"@type":"ImageObject","inLanguage":"es-ES","@id":"https:\/\/californiafastfoodworkersunion.org\/es\/acerca-de\/#primaryimage","url":"https:\/\/californiafastfoodworkersunion.org\/wp-content\/uploads\/About_header.png","contentUrl":"https:\/\/californiafastfoodworkersunion.org\/wp-content\/uploads\/About_header.png","width":1919,"height":1079},{"@type":"BreadcrumbList","@id":"https:\/\/californiafastfoodworkersunion.org\/es\/acerca-de\/#breadcrumb","itemListElement":[{"@type":"ListItem","position":1,"name":"Home","item":"https:\/\/californiafastfoodworkersunion.org\/es\/"},{"@type":"ListItem","position":2,"name":"Acerca de"}]},{"@type":"WebSite","@id":"https:\/\/californiafastfoodworkersunion.org\/#website","url":"https:\/\/californiafastfoodworkersunion.org\/","name":"California Fast Food Workers Union","description":"Build power for fast food workers","alternateName":"CAFFWU","potentialAction":[{"@type":"SearchAction","target":{"@type":"EntryPoint","urlTemplate":"https:\/\/californiafastfoodworkersunion.org\/?s={search_term_string}"},"query-input":{"@type":"PropertyValueSpecification","valueRequired":true,"valueName":"search_term_string"}}],"inLanguage":"es-ES"}]}},"_links":{"self":[{"href":"https:\/\/californiafastfoodworkersunion.org\/es\/wp-json\/wp\/v2\/pages\/730","targetHints":{"allow":["GET"]}}],"collection":[{"href":"https:\/\/californiafastfoodworkersunion.org\/es\/wp-json\/wp\/v2\/pages"}],"about":[{"href":"https:\/\/californiafastfoodworkersunion.org\/es\/wp-json\/wp\/v2\/types\/page"}],"author":[{"embeddable":true,"href":"https:\/\/californiafastfoodworkersunion.org\/es\/wp-json\/wp\/v2\/users\/1"}],"replies":[{"embeddable":true,"href":"https:\/\/californiafastfoodworkersunion.org\/es\/wp-json\/wp\/v2\/comments?post=730"}],"version-history":[{"count":0,"href":"https:\/\/californiafastfoodworkersunion.org\/es\/wp-json\/wp\/v2\/pages\/730\/revisions"}],"wp:featuredmedia":[{"embeddable":true,"href":"https:\/\/californiafastfoodworkersunion.org\/es\/wp-json\/wp\/v2\/media\/803"}],"wp:attachment":[{"href":"https:\/\/californiafastfoodworkersunion.org\/es\/wp-json\/wp\/v2\/media?parent=730"}],"curies":[{"name":"wp","href":"https:\/\/api.w.org\/{rel}","templated":true}]}}