{"id":1442,"date":"2025-10-30T14:28:08","date_gmt":"2025-10-30T21:28:08","guid":{"rendered":"https:\/\/cffwu.wpenginepowered.com\/?page_id=1442"},"modified":"2025-10-31T15:14:28","modified_gmt":"2025-10-31T22:14:28","slug":"dia-de-muertos-2025","status":"publish","type":"page","link":"https:\/\/californiafastfoodworkersunion.org\/es\/dia-de-muertos-2025\/","title":{"rendered":"Dia de Muertos 2025"},"content":{"rendered":"\n<figure class=\"wp-block-embed is-type-video is-provider-youtube wp-block-embed-youtube wp-embed-aspect-16-9 wp-has-aspect-ratio\"><div class=\"wp-block-embed__wrapper\">\n<iframe loading=\"lazy\" title=\"D\u00eda de Muertos 2025\" width=\"500\" height=\"281\" src=\"https:\/\/www.youtube.com\/embed\/lF35XurR91M?feature=oembed\" frameborder=\"0\" allow=\"accelerometer; autoplay; clipboard-write; encrypted-media; gyroscope; picture-in-picture; web-share\" referrerpolicy=\"strict-origin-when-cross-origin\" allowfullscreen><\/iframe>\n<\/div><\/figure>\n\n\n\n<p class=\"has-text-align-center\"><a href=\"https:\/\/californiafastfoodworkersunion.org\/dia-de-los-muertos2025\/\">In English<\/a><\/p>\n\n\n\n<p>Esta semana, instalando un altar en el edificio del Condado de Santa Clara, frente a la sala de la Junta de Supervisores, y trabajando en proyectos art\u00edsticos tanto en Los \u00c1ngeles como en San Jos\u00e9, los miembros del Sindicato de Trabajadores de Comida R\u00e1pida de California celebraron el D\u00eda de los Muertos.<\/p>\n\n\n\n<p>Honramos a nuestros compa\u00f1eros de trabajo fallecidos y luchamos por todos los trabajadores de comida r\u00e1pida que a\u00fan viven.<\/p>\n\n\n\n<p>Los trabajadores utilizamos nuestro arte para transmitir al Ayuntamiento de Los \u00c1ngeles y a la Junta de Supervisores de Santa Clara la importancia de una ley de trabajo justo para los trabajadores de comida r\u00e1pida en estas jurisdicciones.&nbsp;<\/p>\n\n\n\n<p>Esto ocurre tras la publicaci\u00f3n de un nuevo informe que habla sobre las condiciones laborales t\u00f3xicas en muchos de nuestros lugares de trabajo.<\/p>\n\n\n\n<p>Las leyes de trabajo justo para los trabajadores de comida r\u00e1pida en ambas jurisdicciones garantizar\u00edan que estos trabajadores conozcan sus derechos a un lugar de trabajo seguro y saludable y puedan tomar medidas cuando se enfrenten a condiciones laborales perjudiciales o que pongan en peligro su vida.<\/p>\n\n\n\n<p>Mientras celebramos a quienes han fallecido, nos negamos a permitir que corporaciones globales como McDonald&#8217;s y Carl&#8217;s Jr. detengan el progreso que hemos logrado.<\/p>\n\n\n\nngg_shortcode_0_placeholder\n\n\n\n<p><\/p>\n","protected":false},"excerpt":{"rendered":"In English Esta semana, instalando un altar en el edificio del Condado de Santa Clara, frente a la sala de la Junta de Supervisores, y trabajando en proyectos art\u00edsticos tanto en Los \u00c1ngeles como en San Jos\u00e9, los miembros del Sindicato de Trabajadores de Comida R\u00e1pida de California celebraron el D\u00eda de los Muertos. Honramos [&hellip;]","protected":false},"author":3,"featured_media":1413,"parent":0,"menu_order":0,"comment_status":"closed","ping_status":"closed","template":"","meta":{"_acf_changed":false,"ngg_post_thumbnail":0,"footnotes":""},"class_list":["post-1442","page","type-page","status-publish","has-post-thumbnail","hentry"],"acf":[],"yoast_head":"<!-- This site is optimized with the Yoast SEO plugin v27.1 - https:\/\/yoast.com\/product\/yoast-seo-wordpress\/ -->\n<title>Dia de Muertos 2025 | California Fast Food Workers Union<\/title>\n<meta name=\"description\" content=\"https:\/\/youtu.be\/lF35XurR91M In English Esta semana, instalando un altar en el edificio del Condado de Santa Clara, frente a la sala de la Junta de\" \/>\n<meta name=\"robots\" content=\"index, follow, max-snippet:-1, max-image-preview:large, max-video-preview:-1\" \/>\n<link rel=\"canonical\" href=\"https:\/\/californiafastfoodworkersunion.org\/es\/dia-de-muertos-2025\/\" \/>\n<meta property=\"og:locale\" content=\"es_ES\" \/>\n<meta property=\"og:type\" content=\"article\" \/>\n<meta property=\"og:title\" content=\"Dia de Muertos 2025 | California Fast Food Workers Union\" \/>\n<meta property=\"og:description\" content=\"https:\/\/youtu.be\/lF35XurR91M In English Esta semana, instalando un altar en el edificio del Condado de Santa Clara, frente a la sala de la Junta de\" \/>\n<meta property=\"og:url\" content=\"https:\/\/californiafastfoodworkersunion.org\/es\/dia-de-muertos-2025\/\" \/>\n<meta property=\"og:site_name\" content=\"California Fast Food Workers Union\" \/>\n<meta property=\"article:publisher\" content=\"http:\/\/facebook.com\/CAFastFoodUnion\" \/>\n<meta property=\"article:modified_time\" content=\"2025-10-31T22:14:28+00:00\" \/>\n<meta property=\"og:image\" content=\"https:\/\/californiafastfoodworkersunion.org\/wp-content\/uploads\/WhatsApp-Image-2025-10-27-at-17.44.52_7569f7e0.jpg\" \/>\n\t<meta property=\"og:image:width\" content=\"1600\" \/>\n\t<meta property=\"og:image:height\" content=\"1200\" \/>\n\t<meta property=\"og:image:type\" content=\"image\/jpeg\" \/>\n<meta name=\"twitter:card\" content=\"summary_large_image\" \/>\n<meta name=\"twitter:site\" content=\"@CAFastFoodUnion\" \/>\n<script type=\"application\/ld+json\" class=\"yoast-schema-graph\">{\"@context\":\"https:\/\/schema.org\",\"@graph\":[{\"@type\":\"WebPage\",\"@id\":\"https:\/\/californiafastfoodworkersunion.org\/es\/dia-de-muertos-2025\/\",\"url\":\"https:\/\/californiafastfoodworkersunion.org\/es\/dia-de-muertos-2025\/\",\"name\":\"Dia de Muertos 2025 | California Fast Food Workers Union\",\"isPartOf\":{\"@id\":\"https:\/\/californiafastfoodworkersunion.org\/#website\"},\"primaryImageOfPage\":{\"@id\":\"https:\/\/californiafastfoodworkersunion.org\/es\/dia-de-muertos-2025\/#primaryimage\"},\"image\":{\"@id\":\"https:\/\/californiafastfoodworkersunion.org\/es\/dia-de-muertos-2025\/#primaryimage\"},\"thumbnailUrl\":\"https:\/\/californiafastfoodworkersunion.org\/wp-content\/uploads\/WhatsApp-Image-2025-10-27-at-17.44.52_7569f7e0.jpg\",\"datePublished\":\"2025-10-30T21:28:08+00:00\",\"dateModified\":\"2025-10-31T22:14:28+00:00\",\"description\":\"https:\/\/youtu.be\/lF35XurR91M In English Esta semana, instalando un altar en el edificio del Condado de Santa Clara, frente a la sala de la Junta de\",\"breadcrumb\":{\"@id\":\"https:\/\/californiafastfoodworkersunion.org\/es\/dia-de-muertos-2025\/#breadcrumb\"},\"inLanguage\":\"es-ES\",\"potentialAction\":[{\"@type\":\"ReadAction\",\"target\":[\"https:\/\/californiafastfoodworkersunion.org\/es\/dia-de-muertos-2025\/\"]}]},{\"@type\":\"ImageObject\",\"inLanguage\":\"es-ES\",\"@id\":\"https:\/\/californiafastfoodworkersunion.org\/es\/dia-de-muertos-2025\/#primaryimage\",\"url\":\"https:\/\/californiafastfoodworkersunion.org\/wp-content\/uploads\/WhatsApp-Image-2025-10-27-at-17.44.52_7569f7e0.jpg\",\"contentUrl\":\"https:\/\/californiafastfoodworkersunion.org\/wp-content\/uploads\/WhatsApp-Image-2025-10-27-at-17.44.52_7569f7e0.jpg\",\"width\":1600,\"height\":1200},{\"@type\":\"BreadcrumbList\",\"@id\":\"https:\/\/californiafastfoodworkersunion.org\/es\/dia-de-muertos-2025\/#breadcrumb\",\"itemListElement\":[{\"@type\":\"ListItem\",\"position\":1,\"name\":\"Home\",\"item\":\"https:\/\/californiafastfoodworkersunion.org\/es\/\"},{\"@type\":\"ListItem\",\"position\":2,\"name\":\"Dia de Muertos 2025\"}]},{\"@type\":\"WebSite\",\"@id\":\"https:\/\/californiafastfoodworkersunion.org\/#website\",\"url\":\"https:\/\/californiafastfoodworkersunion.org\/\",\"name\":\"California Fast Food Workers Union\",\"description\":\"Build power for fast food workers\",\"alternateName\":\"CAFFWU\",\"potentialAction\":[{\"@type\":\"SearchAction\",\"target\":{\"@type\":\"EntryPoint\",\"urlTemplate\":\"https:\/\/californiafastfoodworkersunion.org\/?s={search_term_string}\"},\"query-input\":{\"@type\":\"PropertyValueSpecification\",\"valueRequired\":true,\"valueName\":\"search_term_string\"}}],\"inLanguage\":\"es-ES\"}]}<\/script>\n<!-- \/ Yoast SEO plugin. -->","yoast_head_json":{"title":"Dia de Muertos 2025 | California Fast Food Workers Union","description":"https:\/\/youtu.be\/lF35XurR91M In English Esta semana, instalando un altar en el edificio del Condado de Santa Clara, frente a la sala de la Junta de","robots":{"index":"index","follow":"follow","max-snippet":"max-snippet:-1","max-image-preview":"max-image-preview:large","max-video-preview":"max-video-preview:-1"},"canonical":"https:\/\/californiafastfoodworkersunion.org\/es\/dia-de-muertos-2025\/","og_locale":"es_ES","og_type":"article","og_title":"Dia de Muertos 2025 | California Fast Food Workers Union","og_description":"https:\/\/youtu.be\/lF35XurR91M In English Esta semana, instalando un altar en el edificio del Condado de Santa Clara, frente a la sala de la Junta de","og_url":"https:\/\/californiafastfoodworkersunion.org\/es\/dia-de-muertos-2025\/","og_site_name":"California Fast Food Workers Union","article_publisher":"http:\/\/facebook.com\/CAFastFoodUnion","article_modified_time":"2025-10-31T22:14:28+00:00","og_image":[{"width":1600,"height":1200,"url":"https:\/\/californiafastfoodworkersunion.org\/wp-content\/uploads\/WhatsApp-Image-2025-10-27-at-17.44.52_7569f7e0.jpg","type":"image\/jpeg"}],"twitter_card":"summary_large_image","twitter_site":"@CAFastFoodUnion","schema":{"@context":"https:\/\/schema.org","@graph":[{"@type":"WebPage","@id":"https:\/\/californiafastfoodworkersunion.org\/es\/dia-de-muertos-2025\/","url":"https:\/\/californiafastfoodworkersunion.org\/es\/dia-de-muertos-2025\/","name":"Dia de Muertos 2025 | California Fast Food Workers Union","isPartOf":{"@id":"https:\/\/californiafastfoodworkersunion.org\/#website"},"primaryImageOfPage":{"@id":"https:\/\/californiafastfoodworkersunion.org\/es\/dia-de-muertos-2025\/#primaryimage"},"image":{"@id":"https:\/\/californiafastfoodworkersunion.org\/es\/dia-de-muertos-2025\/#primaryimage"},"thumbnailUrl":"https:\/\/californiafastfoodworkersunion.org\/wp-content\/uploads\/WhatsApp-Image-2025-10-27-at-17.44.52_7569f7e0.jpg","datePublished":"2025-10-30T21:28:08+00:00","dateModified":"2025-10-31T22:14:28+00:00","description":"https:\/\/youtu.be\/lF35XurR91M In English Esta semana, instalando un altar en el edificio del Condado de Santa Clara, frente a la sala de la Junta de","breadcrumb":{"@id":"https:\/\/californiafastfoodworkersunion.org\/es\/dia-de-muertos-2025\/#breadcrumb"},"inLanguage":"es-ES","potentialAction":[{"@type":"ReadAction","target":["https:\/\/californiafastfoodworkersunion.org\/es\/dia-de-muertos-2025\/"]}]},{"@type":"ImageObject","inLanguage":"es-ES","@id":"https:\/\/californiafastfoodworkersunion.org\/es\/dia-de-muertos-2025\/#primaryimage","url":"https:\/\/californiafastfoodworkersunion.org\/wp-content\/uploads\/WhatsApp-Image-2025-10-27-at-17.44.52_7569f7e0.jpg","contentUrl":"https:\/\/californiafastfoodworkersunion.org\/wp-content\/uploads\/WhatsApp-Image-2025-10-27-at-17.44.52_7569f7e0.jpg","width":1600,"height":1200},{"@type":"BreadcrumbList","@id":"https:\/\/californiafastfoodworkersunion.org\/es\/dia-de-muertos-2025\/#breadcrumb","itemListElement":[{"@type":"ListItem","position":1,"name":"Home","item":"https:\/\/californiafastfoodworkersunion.org\/es\/"},{"@type":"ListItem","position":2,"name":"Dia de Muertos 2025"}]},{"@type":"WebSite","@id":"https:\/\/californiafastfoodworkersunion.org\/#website","url":"https:\/\/californiafastfoodworkersunion.org\/","name":"California Fast Food Workers Union","description":"Build power for fast food workers","alternateName":"CAFFWU","potentialAction":[{"@type":"SearchAction","target":{"@type":"EntryPoint","urlTemplate":"https:\/\/californiafastfoodworkersunion.org\/?s={search_term_string}"},"query-input":{"@type":"PropertyValueSpecification","valueRequired":true,"valueName":"search_term_string"}}],"inLanguage":"es-ES"}]}},"_links":{"self":[{"href":"https:\/\/californiafastfoodworkersunion.org\/es\/wp-json\/wp\/v2\/pages\/1442","targetHints":{"allow":["GET"]}}],"collection":[{"href":"https:\/\/californiafastfoodworkersunion.org\/es\/wp-json\/wp\/v2\/pages"}],"about":[{"href":"https:\/\/californiafastfoodworkersunion.org\/es\/wp-json\/wp\/v2\/types\/page"}],"author":[{"embeddable":true,"href":"https:\/\/californiafastfoodworkersunion.org\/es\/wp-json\/wp\/v2\/users\/3"}],"replies":[{"embeddable":true,"href":"https:\/\/californiafastfoodworkersunion.org\/es\/wp-json\/wp\/v2\/comments?post=1442"}],"version-history":[{"count":0,"href":"https:\/\/californiafastfoodworkersunion.org\/es\/wp-json\/wp\/v2\/pages\/1442\/revisions"}],"wp:featuredmedia":[{"embeddable":true,"href":"https:\/\/californiafastfoodworkersunion.org\/es\/wp-json\/wp\/v2\/media\/1413"}],"wp:attachment":[{"href":"https:\/\/californiafastfoodworkersunion.org\/es\/wp-json\/wp\/v2\/media?parent=1442"}],"curies":[{"name":"wp","href":"https:\/\/api.w.org\/{rel}","templated":true}]}}