{"id":1337,"date":"2025-10-18T09:29:46","date_gmt":"2025-10-18T16:29:46","guid":{"rendered":"https:\/\/cffwu.wpenginepowered.com\/?page_id=1337"},"modified":"2025-10-22T13:00:02","modified_gmt":"2025-10-22T20:00:02","slug":"informedelconsumidor","status":"publish","type":"page","link":"https:\/\/californiafastfoodworkersunion.org\/es\/informedelconsumidor\/","title":{"rendered":"Ratas, Cucarachas y Comida Podrida:\u00a0"},"content":{"rendered":"\n<p class=\"has-text-align-center\"><a href=\"https:\/\/californiafastfoodworkersunion.org\/consumerreport\/\">In English<\/a><\/p>\n\n\n\n<p>Reportados en la Encuesta de Higiene Alimentaria de Trabajadores de Comida R\u00e1pida de California 2025, una nueva encuesta de m\u00e1s de 300 trabajadores de comida r\u00e1pida de<br>California. Este informe detalla los resultados de esta nueva encuesta, as\u00ed como los resultados de<br>una investigaci\u00f3n con grupos de enfoque que revela las perspectivas de trabajadores de comida<br>r\u00e1pida de California sobre sus experiencias de higiene alimentaria, tambi\u00e9n hallazgos de un nuevo<br>estudio de registros de inspecci\u00f3n de departamentos de salud p\u00fablica de los condados que<br>muestran violaciones importantes de higiene alimentaria encontradas en restaurantes de comida<br>r\u00e1pida por todo el estado y en todas las marcas principales.<br><br>Realizada en julio de 2025 con 338 trabajadores en m\u00e1s de 200 ubicaciones de comida r\u00e1pida<br>por todo el estado, la Encuesta de Higiene Alimentaria de Trabajadores de Comida R\u00e1pida de<br>California 2025 encuentra que casi la mitad (47 por ciento) de los trabajadores encuestados hab\u00edan experimentado al menos un problema grave de higiene alimentaria en sus trabajos de comida r\u00e1pida durante el \u00faltimo a\u00f1o.La mayor\u00eda (53 por ciento) de los trabajadores que reportaron estos problemas dijeron que sus empleadores no abordaron los problemas de manera oportuna, y que en general no lo hicieron porque los gerentes no tomaron los problemas en serio o dijeron que los problemas eran \u201cdemasiado caros\u201d de arreglar.<\/p>\n\n\n\n<p class=\"has-text-align-center\"><a href=\"https:\/\/californiafastfoodworkersunion.org\/wp-content\/uploads\/SINOPSIS-RATAS-CUCARACHAS-Y-COMIDA-PODRIDA_LIVE_10.22.pdf\">Descargar el informe<\/a><\/p>\n","protected":false},"excerpt":{"rendered":"In English Reportados en la Encuesta de Higiene Alimentaria de Trabajadores de Comida R\u00e1pida de California 2025, una nueva encuesta de m\u00e1s de 300 trabajadores de comida r\u00e1pida deCalifornia. Este informe detalla los resultados de esta nueva encuesta, as\u00ed como los resultados deuna investigaci\u00f3n con grupos de enfoque que revela las perspectivas de trabajadores de [&hellip;]","protected":false},"author":2,"featured_media":1369,"parent":0,"menu_order":0,"comment_status":"closed","ping_status":"closed","template":"","meta":{"_acf_changed":false,"ngg_post_thumbnail":0,"footnotes":""},"class_list":["post-1337","page","type-page","status-publish","has-post-thumbnail","hentry"],"acf":[],"yoast_head":"<!-- This site is optimized with the Yoast SEO plugin v27.1 - https:\/\/yoast.com\/product\/yoast-seo-wordpress\/ -->\n<title>Ratas, Cucarachas y Comida Podrida:\u00a0 | California Fast Food Workers Union<\/title>\n<meta name=\"description\" content=\"In English Reportados en la Encuesta de Higiene Alimentaria de Trabajadores de Comida R\u00e1pida de California 2025, una nueva encuesta de m\u00e1s de 300\" \/>\n<meta name=\"robots\" content=\"noindex, nofollow\" \/>\n<meta property=\"og:locale\" content=\"es_ES\" \/>\n<meta property=\"og:type\" content=\"article\" \/>\n<meta property=\"og:title\" content=\"Ratas, Cucarachas y Comida Podrida:\u00a0 | California Fast Food Workers Union\" \/>\n<meta property=\"og:description\" content=\"In English Reportados en la Encuesta de Higiene Alimentaria de Trabajadores de Comida R\u00e1pida de California 2025, una nueva encuesta de m\u00e1s de 300\" \/>\n<meta property=\"og:url\" content=\"https:\/\/californiafastfoodworkersunion.org\/es\/informedelconsumidor\/\" \/>\n<meta property=\"og:site_name\" content=\"California Fast Food Workers Union\" \/>\n<meta property=\"article:publisher\" content=\"http:\/\/facebook.com\/CAFastFoodUnion\" \/>\n<meta property=\"article:modified_time\" content=\"2025-10-22T20:00:02+00:00\" \/>\n<meta property=\"og:image\" content=\"https:\/\/californiafastfoodworkersunion.org\/wp-content\/uploads\/Cover-Website.png\" \/>\n\t<meta property=\"og:image:width\" content=\"1920\" \/>\n\t<meta property=\"og:image:height\" content=\"1080\" \/>\n\t<meta property=\"og:image:type\" content=\"image\/png\" \/>\n<meta name=\"twitter:card\" content=\"summary_large_image\" \/>\n<meta name=\"twitter:site\" content=\"@CAFastFoodUnion\" \/>\n<script type=\"application\/ld+json\" class=\"yoast-schema-graph\">{\"@context\":\"https:\/\/schema.org\",\"@graph\":[{\"@type\":\"WebPage\",\"@id\":\"https:\/\/californiafastfoodworkersunion.org\/es\/informedelconsumidor\/\",\"url\":\"https:\/\/californiafastfoodworkersunion.org\/es\/informedelconsumidor\/\",\"name\":\"Ratas, Cucarachas y Comida Podrida:\u00a0 | California Fast Food Workers Union\",\"isPartOf\":{\"@id\":\"https:\/\/californiafastfoodworkersunion.org\/#website\"},\"primaryImageOfPage\":{\"@id\":\"https:\/\/californiafastfoodworkersunion.org\/es\/informedelconsumidor\/#primaryimage\"},\"image\":{\"@id\":\"https:\/\/californiafastfoodworkersunion.org\/es\/informedelconsumidor\/#primaryimage\"},\"thumbnailUrl\":\"https:\/\/californiafastfoodworkersunion.org\/wp-content\/uploads\/Cover-Website.png\",\"datePublished\":\"2025-10-18T16:29:46+00:00\",\"dateModified\":\"2025-10-22T20:00:02+00:00\",\"description\":\"In English Reportados en la Encuesta de Higiene Alimentaria de Trabajadores de Comida R\u00e1pida de California 2025, una nueva encuesta de m\u00e1s de 300\",\"breadcrumb\":{\"@id\":\"https:\/\/californiafastfoodworkersunion.org\/es\/informedelconsumidor\/#breadcrumb\"},\"inLanguage\":\"es-ES\",\"potentialAction\":[{\"@type\":\"ReadAction\",\"target\":[\"https:\/\/californiafastfoodworkersunion.org\/es\/informedelconsumidor\/\"]}]},{\"@type\":\"ImageObject\",\"inLanguage\":\"es-ES\",\"@id\":\"https:\/\/californiafastfoodworkersunion.org\/es\/informedelconsumidor\/#primaryimage\",\"url\":\"https:\/\/californiafastfoodworkersunion.org\/wp-content\/uploads\/Cover-Website.png\",\"contentUrl\":\"https:\/\/californiafastfoodworkersunion.org\/wp-content\/uploads\/Cover-Website.png\",\"width\":1920,\"height\":1080},{\"@type\":\"BreadcrumbList\",\"@id\":\"https:\/\/californiafastfoodworkersunion.org\/es\/informedelconsumidor\/#breadcrumb\",\"itemListElement\":[{\"@type\":\"ListItem\",\"position\":1,\"name\":\"Home\",\"item\":\"https:\/\/californiafastfoodworkersunion.org\/es\/\"},{\"@type\":\"ListItem\",\"position\":2,\"name\":\"Ratas, Cucarachas y Comida Podrida:\u00a0\"}]},{\"@type\":\"WebSite\",\"@id\":\"https:\/\/californiafastfoodworkersunion.org\/#website\",\"url\":\"https:\/\/californiafastfoodworkersunion.org\/\",\"name\":\"California Fast Food Workers Union\",\"description\":\"Build power for fast food workers\",\"alternateName\":\"CAFFWU\",\"potentialAction\":[{\"@type\":\"SearchAction\",\"target\":{\"@type\":\"EntryPoint\",\"urlTemplate\":\"https:\/\/californiafastfoodworkersunion.org\/?s={search_term_string}\"},\"query-input\":{\"@type\":\"PropertyValueSpecification\",\"valueRequired\":true,\"valueName\":\"search_term_string\"}}],\"inLanguage\":\"es-ES\"}]}<\/script>\n<!-- \/ Yoast SEO plugin. -->","yoast_head_json":{"title":"Ratas, Cucarachas y Comida Podrida:\u00a0 | California Fast Food Workers Union","description":"In English Reportados en la Encuesta de Higiene Alimentaria de Trabajadores de Comida R\u00e1pida de California 2025, una nueva encuesta de m\u00e1s de 300","robots":{"index":"noindex","follow":"nofollow"},"og_locale":"es_ES","og_type":"article","og_title":"Ratas, Cucarachas y Comida Podrida:\u00a0 | California Fast Food Workers Union","og_description":"In English Reportados en la Encuesta de Higiene Alimentaria de Trabajadores de Comida R\u00e1pida de California 2025, una nueva encuesta de m\u00e1s de 300","og_url":"https:\/\/californiafastfoodworkersunion.org\/es\/informedelconsumidor\/","og_site_name":"California Fast Food Workers Union","article_publisher":"http:\/\/facebook.com\/CAFastFoodUnion","article_modified_time":"2025-10-22T20:00:02+00:00","og_image":[{"width":1920,"height":1080,"url":"https:\/\/californiafastfoodworkersunion.org\/wp-content\/uploads\/Cover-Website.png","type":"image\/png"}],"twitter_card":"summary_large_image","twitter_site":"@CAFastFoodUnion","schema":{"@context":"https:\/\/schema.org","@graph":[{"@type":"WebPage","@id":"https:\/\/californiafastfoodworkersunion.org\/es\/informedelconsumidor\/","url":"https:\/\/californiafastfoodworkersunion.org\/es\/informedelconsumidor\/","name":"Ratas, Cucarachas y Comida Podrida:\u00a0 | California Fast Food Workers Union","isPartOf":{"@id":"https:\/\/californiafastfoodworkersunion.org\/#website"},"primaryImageOfPage":{"@id":"https:\/\/californiafastfoodworkersunion.org\/es\/informedelconsumidor\/#primaryimage"},"image":{"@id":"https:\/\/californiafastfoodworkersunion.org\/es\/informedelconsumidor\/#primaryimage"},"thumbnailUrl":"https:\/\/californiafastfoodworkersunion.org\/wp-content\/uploads\/Cover-Website.png","datePublished":"2025-10-18T16:29:46+00:00","dateModified":"2025-10-22T20:00:02+00:00","description":"In English Reportados en la Encuesta de Higiene Alimentaria de Trabajadores de Comida R\u00e1pida de California 2025, una nueva encuesta de m\u00e1s de 300","breadcrumb":{"@id":"https:\/\/californiafastfoodworkersunion.org\/es\/informedelconsumidor\/#breadcrumb"},"inLanguage":"es-ES","potentialAction":[{"@type":"ReadAction","target":["https:\/\/californiafastfoodworkersunion.org\/es\/informedelconsumidor\/"]}]},{"@type":"ImageObject","inLanguage":"es-ES","@id":"https:\/\/californiafastfoodworkersunion.org\/es\/informedelconsumidor\/#primaryimage","url":"https:\/\/californiafastfoodworkersunion.org\/wp-content\/uploads\/Cover-Website.png","contentUrl":"https:\/\/californiafastfoodworkersunion.org\/wp-content\/uploads\/Cover-Website.png","width":1920,"height":1080},{"@type":"BreadcrumbList","@id":"https:\/\/californiafastfoodworkersunion.org\/es\/informedelconsumidor\/#breadcrumb","itemListElement":[{"@type":"ListItem","position":1,"name":"Home","item":"https:\/\/californiafastfoodworkersunion.org\/es\/"},{"@type":"ListItem","position":2,"name":"Ratas, Cucarachas y Comida Podrida:\u00a0"}]},{"@type":"WebSite","@id":"https:\/\/californiafastfoodworkersunion.org\/#website","url":"https:\/\/californiafastfoodworkersunion.org\/","name":"California Fast Food Workers Union","description":"Build power for fast food workers","alternateName":"CAFFWU","potentialAction":[{"@type":"SearchAction","target":{"@type":"EntryPoint","urlTemplate":"https:\/\/californiafastfoodworkersunion.org\/?s={search_term_string}"},"query-input":{"@type":"PropertyValueSpecification","valueRequired":true,"valueName":"search_term_string"}}],"inLanguage":"es-ES"}]}},"_links":{"self":[{"href":"https:\/\/californiafastfoodworkersunion.org\/es\/wp-json\/wp\/v2\/pages\/1337","targetHints":{"allow":["GET"]}}],"collection":[{"href":"https:\/\/californiafastfoodworkersunion.org\/es\/wp-json\/wp\/v2\/pages"}],"about":[{"href":"https:\/\/californiafastfoodworkersunion.org\/es\/wp-json\/wp\/v2\/types\/page"}],"author":[{"embeddable":true,"href":"https:\/\/californiafastfoodworkersunion.org\/es\/wp-json\/wp\/v2\/users\/2"}],"replies":[{"embeddable":true,"href":"https:\/\/californiafastfoodworkersunion.org\/es\/wp-json\/wp\/v2\/comments?post=1337"}],"version-history":[{"count":0,"href":"https:\/\/californiafastfoodworkersunion.org\/es\/wp-json\/wp\/v2\/pages\/1337\/revisions"}],"wp:featuredmedia":[{"embeddable":true,"href":"https:\/\/californiafastfoodworkersunion.org\/es\/wp-json\/wp\/v2\/media\/1369"}],"wp:attachment":[{"href":"https:\/\/californiafastfoodworkersunion.org\/es\/wp-json\/wp\/v2\/media?parent=1337"}],"curies":[{"name":"wp","href":"https:\/\/api.w.org\/{rel}","templated":true}]}}